{"id":3,"date":"2025-09-09T12:33:25","date_gmt":"2025-09-09T12:33:25","guid":{"rendered":"http:\/\/fkminija.com\/?page_id=3"},"modified":"2025-10-14T13:32:33","modified_gmt":"2025-10-14T13:32:33","slug":"privacy-policy","status":"publish","type":"page","link":"https:\/\/fkminija.com\/lt\/privacy-policy\/","title":{"rendered":"Privatumo politika"},"content":{"rendered":"<div data-elementor-type=\"wp-page\" data-elementor-id=\"3\" class=\"elementor elementor-3\">\n\t\t\t\t<div class=\"elementor-element elementor-element-ae34a0b e-flex e-con-boxed e-con e-parent\" data-id=\"ae34a0b\" data-element_type=\"container\">\n\t\t\t\t\t<div class=\"e-con-inner\">\n\t\t\t\t<div class=\"elementor-element elementor-element-2096a2e elementor-widget__width-initial elementor-widget elementor-widget-heading\" data-id=\"2096a2e\" data-element_type=\"widget\" data-widget_type=\"heading.default\">\n\t\t\t\t\t<h2 class=\"elementor-heading-title elementor-size-default\">Privatumo politika<\/h2>\t\t\t\t<\/div>\n\t\t\t\t<div class=\"elementor-element elementor-element-c745479 elementor-widget elementor-widget-text-editor\" data-id=\"c745479\" data-element_type=\"widget\" data-widget_type=\"text-editor.default\">\n\t\t\t\t\t\t\t\t\t<p><strong>Paskutin\u012f kart\u0105 atnaujinta 2025 m. spalio 14 d.<\/strong><\/p><p>\u0160ioje Privatumo politikoje apra\u0161oma V\u0161\u012e FK Minija, Savanori\u0173 g. 23A, Kretinga LT-9711, Lietuva, el. pa\u0161tas: info@fkminija.com, tel.: +37060613514, politika, susijusi su j\u016bs\u0173 informacijos, kuri\u0105 renkame, kai naudojat\u0117s m\u016bs\u0173 svetaine ( https:\/\/fkminija.com ) (\u201cPaslauga\u201d), rinkimu, naudojimu ir atskleidimu. Prisijungdami prie Paslaugos arba ja naudodamiesi, j\u016bs sutinkate, kad j\u016bs\u0173 informacija b\u016bt\u0173 renkama, naudojama ir atskleid\u017eiama pagal \u0161i\u0105 Privatumo politik\u0105. Jei su tuo nesutinkate, pra\u0161ome nesinaudoti Paslauga ir ja nesinaudoti. <br \/>\u0160i\u0105 Privatumo politik\u0105 galime bet kada pakeisti be i\u0161ankstinio \u012fsp\u0117jimo ir paskelbsime atnaujint\u0105 Privatumo politik\u0105 Paslaugoje. Atnaujinta Politika \u012fsigalios pra\u0117jus 180 dien\u0173 nuo jos paskelbimo Paslaugoje dienos, o tolesn\u0117 prieiga prie Paslaugos ar jos naudojimas po \u0161io laiko reik\u0161 j\u016bs\u0173 sutikim\u0105 su atnaujinta Privatumo politika. Tod\u0117l rekomenduojame periodi\u0161kai per\u017ei\u016br\u0117ti \u0161\u012f puslap\u012f.<\/p><h4>M\u016bs\u0173 renkama informacija:<\/h4><p>Mes rinksime ir tvarkysime \u0161i\u0105 j\u016bs\u0173 asmenin\u0119 informacij\u0105:<\/p><ul><li>Vardas<\/li><li>El. pa\u0161tas<\/li><\/ul><h4>Kaip mes naudojame j\u016bs\u0173 informacij\u0105:<\/h4><p>Surinkt\u0105 informacij\u0105 apie jus naudosime \u0161iais tikslais:<\/p><ul><li>Palaikymas ir pagalba<\/li><\/ul><p>Jei nor\u0117sime naudoti j\u016bs\u0173 informacij\u0105 bet kokiu kitu tikslu, papra\u0161ysime j\u016bs\u0173 sutikimo ir naudosime j\u016bs\u0173 informacij\u0105 tik gav\u0119 j\u016bs\u0173 sutikim\u0105 ir tik tuo tikslu (-ais), kuriam (-iems) dav\u0117te sutikim\u0105, nebent \u012fstatymai \u012fpareigot\u0173 elgtis kitaip.<\/p><h4>J\u016bs\u0173 informacijos saugojimas:<\/h4><p>J\u016bs\u0173 asmenin\u0119 informacij\u0105 saugosime nuo 90 dien\u0173 iki 2 met\u0173 po to, kai naudotojas u\u017edarys paskyr\u0105, arba tiek laiko, kiek reik\u0117s tikslams, kuriems ji buvo surinkta, kaip i\u0161samiai apra\u0161yta \u0161ioje privatumo politikoje. Likusi anonimin\u0117 informacija ir apibendrinta informacija, i\u0161 kurios n\u0117 viena (tiesiogiai ar netiesiogiai) j\u016bs\u0173 neidentifikuoja, gali b\u016bti saugoma neribot\u0105 laik\u0105.<\/p><h4>J\u016bs\u0173 teis\u0117s:<\/h4><p>Priklausomai nuo taikom\u0173 \u012fstatym\u0173, galite tur\u0117ti teis\u0119 susipa\u017einti su savo asmens duomenimis, juos i\u0161taisyti arba i\u0161trinti, arba gauti j\u0173 kopij\u0105, apriboti arba nesutikti su aktyviu j\u016bs\u0173 duomen\u0173 tvarkymu, pra\u0161yti m\u016bs\u0173 persi\u0173sti j\u016bs\u0173 asmens informacij\u0105 kitam subjektui, at\u0161aukti bet kok\u012f mums duot\u0105 sutikim\u0105 tvarkyti j\u016bs\u0173 duomenis, teis\u0119 pateikti skund\u0105 \u012fstatym\u0173 numatytai institucijai ir kitas teises, kurios gali b\u016bti svarbios pagal taikomus \u012fstatymus. Nor\u0117dami pasinaudoti \u0161iomis teis\u0117mis, galite mums para\u0161yti adresu info@fkminija.com. \u012e j\u016bs\u0173 pra\u0161ym\u0105 atsakysime pagal taikomus \u012fstatymus. <br \/>Galite atsisakyti tiesiogin\u0117s rinkodaros prane\u0161im\u0173 arba profiliavimo, kur\u012f vykdome rinkodaros tikslais, para\u0161ydami mums adresu info@fkminija.com<br \/>Atkreipkite d\u0117mes\u012f, kad jei neleisite mums rinkti ar tvarkyti reikiamos asmenin\u0117s informacijos arba at\u0161auksite sutikim\u0105 tvarkyti j\u0105 reikiamais tikslais, galite negal\u0117ti pasiekti ar naudotis paslaugomis, kurioms buvo pra\u0161oma j\u016bs\u0173 informacijos.<\/p><h4>Slapukai<\/h4><p>Mes naudojame slapukus, kad pagerintume j\u016bs\u0173 nar\u0161ymo patirt\u012f ir analizuotume m\u016bs\u0173 sraut\u0105.<\/p><h4>Saugumas:<\/h4><p>J\u016bs\u0173 informacijos saugumas mums yra svarbus, tod\u0117l imsim\u0117s pagr\u012fst\u0173 saugumo priemoni\u0173, kad i\u0161vengtume j\u016bs\u0173 informacijos praradimo, netinkamo naudojimo ar neteis\u0117to pakeitimo. Ta\u010diau, atsi\u017evelgiant \u012f b\u016bding\u0105 rizik\u0105, negalime garantuoti absoliutaus saugumo ir d\u0117l to negalime u\u017etikrinti ar garantuoti jokios j\u016bs\u0173 mums perduodamos informacijos saugumo, ir j\u016bs tai darote savo pa\u010di\u0173 rizika.<\/p><h4>Tre\u010di\u0173j\u0173 \u0161ali\u0173 nuorodos ir j\u016bs\u0173 informacijos naudojimas:<\/h4><p>M\u016bs\u0173 Paslaugoje gali b\u016bti nuorod\u0173 \u012f kitas svetaines, kuri\u0173 mes nevaldome. \u0160i Privatumo politika neapima joki\u0173 tre\u010di\u0173j\u0173 \u0161ali\u0173, \u012fskaitant bet kuri\u0105 tre\u010di\u0105j\u0105 \u0161al\u012f, valdan\u010di\u0105 bet kuri\u0105 svetain\u0119 ar paslaug\u0105, \u012f kuri\u0105 galima patekti per Paslaugoje esan\u010di\u0105 nuorod\u0105, privatumo politikos ir kitos praktikos. Primygtinai rekomenduojame per\u017ei\u016br\u0117ti kiekvienos lankomos svetain\u0117s privatumo politik\u0105. Mes nekontroliuojame ir neprisiimame jokios atsakomyb\u0117s u\u017e joki\u0173 tre\u010di\u0173j\u0173 \u0161ali\u0173 svetaini\u0173 ar paslaug\u0173 turin\u012f, privatumo politik\u0105 ar praktik\u0105.<\/p><h4>Skundas \/ Duomen\u0173 apsaugos pareig\u016bnas:<\/h4><p>Jei turite klausim\u0173 ar abejoni\u0173 d\u0117l m\u016bs\u0173 turimos j\u016bs\u0173 informacijos tvarkymo, galite ra\u0161yti el. pa\u0161tu m\u016bs\u0173 skund\u0173 nagrin\u0117jimo pareig\u016bnui adresu V\u0161\u012e FK Minija, Savanori\u0173 g. 23A, el. pa\u0161tas: info@fkminija.com. \u012e j\u016bs\u0173 klausimus atsakysime pagal galiojan\u010dius \u012fstatymus.<\/p><p>Privatumo politika sugeneruota naudojant \u201eCookieYes\u201c.<\/p>\t\t\t\t\t\t\t\t<\/div>\n\t\t\t\t\t<\/div>\n\t\t\t\t<\/div>\n\t\t\t\t<\/div>","protected":false},"excerpt":{"rendered":"<p>Privacy Policy Last Updated On 14-Oct-2025 This Privacy Policy describes the policies of V\u0161\u012e FK Minija, Savanori\u0173 g. 23A, Kretinga LT-9711, Lithuania, email: info@fkminija.com, phone: +37060613514 on the collection, use and disclosure of your information that we collect when you use our website ( https:\/\/fkminija.com ). (the \u201cService\u201d). By accessing or using the Service, you [&hellip;]<\/p>","protected":false},"author":1,"featured_media":0,"parent":0,"menu_order":0,"comment_status":"closed","ping_status":"open","template":"elementor_header_footer","meta":{"ocean_post_layout":"","ocean_both_sidebars_style":"","ocean_both_sidebars_content_width":0,"ocean_both_sidebars_sidebars_width":0,"ocean_sidebar":"","ocean_second_sidebar":"","ocean_disable_margins":"enable","ocean_add_body_class":"","ocean_shortcode_before_top_bar":"","ocean_shortcode_after_top_bar":"","ocean_shortcode_before_header":"","ocean_shortcode_after_header":"","ocean_has_shortcode":"","ocean_shortcode_after_title":"","ocean_shortcode_before_footer_widgets":"","ocean_shortcode_after_footer_widgets":"","ocean_shortcode_before_footer_bottom":"","ocean_shortcode_after_footer_bottom":"","ocean_display_top_bar":"default","ocean_display_header":"default","ocean_header_style":"minimal","ocean_center_header_left_menu":"","ocean_custom_header_template":"","ocean_custom_logo":0,"ocean_custom_retina_logo":0,"ocean_custom_logo_max_width":0,"ocean_custom_logo_tablet_max_width":0,"ocean_custom_logo_mobile_max_width":0,"ocean_custom_logo_max_height":0,"ocean_custom_logo_tablet_max_height":0,"ocean_custom_logo_mobile_max_height":0,"ocean_header_custom_menu":"","ocean_menu_typo_font_family":"","ocean_menu_typo_font_subset":"","ocean_menu_typo_font_size":0,"ocean_menu_typo_font_size_tablet":0,"ocean_menu_typo_font_size_mobile":0,"ocean_menu_typo_font_size_unit":"px","ocean_menu_typo_font_weight":"","ocean_menu_typo_font_weight_tablet":"","ocean_menu_typo_font_weight_mobile":"","ocean_menu_typo_transform":"","ocean_menu_typo_transform_tablet":"","ocean_menu_typo_transform_mobile":"","ocean_menu_typo_line_height":0,"ocean_menu_typo_line_height_tablet":0,"ocean_menu_typo_line_height_mobile":0,"ocean_menu_typo_line_height_unit":"","ocean_menu_typo_spacing":0,"ocean_menu_typo_spacing_tablet":0,"ocean_menu_typo_spacing_mobile":0,"ocean_menu_typo_spacing_unit":"","ocean_menu_link_color":"","ocean_menu_link_color_hover":"","ocean_menu_link_color_active":"","ocean_menu_link_background":"","ocean_menu_link_hover_background":"","ocean_menu_link_active_background":"","ocean_menu_social_links_bg":"","ocean_menu_social_hover_links_bg":"","ocean_menu_social_links_color":"","ocean_menu_social_hover_links_color":"","ocean_disable_title":"on","ocean_disable_heading":"default","ocean_post_title":"","ocean_post_subheading":"","ocean_post_title_style":"","ocean_post_title_background_color":"","ocean_post_title_background":0,"ocean_post_title_bg_image_position":"","ocean_post_title_bg_image_attachment":"","ocean_post_title_bg_image_repeat":"","ocean_post_title_bg_image_size":"","ocean_post_title_height":0,"ocean_post_title_bg_overlay":0.5,"ocean_post_title_bg_overlay_color":"","ocean_disable_breadcrumbs":"default","ocean_breadcrumbs_color":"","ocean_breadcrumbs_separator_color":"","ocean_breadcrumbs_links_color":"","ocean_breadcrumbs_links_hover_color":"","ocean_display_footer_widgets":"default","ocean_display_footer_bottom":"default","ocean_custom_footer_template":"","osh_disable_topbar_sticky":"default","osh_disable_header_sticky":"default","osh_sticky_header_style":"default","osh_sticky_header_effect":"","osh_custom_sticky_logo":0,"osh_custom_retina_sticky_logo":0,"osh_custom_sticky_logo_height":0,"osh_background_color":"","osh_links_color":"","osh_links_hover_color":"","osh_links_active_color":"","osh_links_bg_color":"","osh_links_hover_bg_color":"","osh_links_active_bg_color":"","osh_menu_social_links_color":"","osh_menu_social_hover_links_color":"","footnotes":""},"class_list":["post-3","page","type-page","status-publish","hentry","entry"],"_links":{"self":[{"href":"https:\/\/fkminija.com\/lt\/wp-json\/wp\/v2\/pages\/3","targetHints":{"allow":["GET"]}}],"collection":[{"href":"https:\/\/fkminija.com\/lt\/wp-json\/wp\/v2\/pages"}],"about":[{"href":"https:\/\/fkminija.com\/lt\/wp-json\/wp\/v2\/types\/page"}],"author":[{"embeddable":true,"href":"https:\/\/fkminija.com\/lt\/wp-json\/wp\/v2\/users\/1"}],"replies":[{"embeddable":true,"href":"https:\/\/fkminija.com\/lt\/wp-json\/wp\/v2\/comments?post=3"}],"version-history":[{"count":8,"href":"https:\/\/fkminija.com\/lt\/wp-json\/wp\/v2\/pages\/3\/revisions"}],"predecessor-version":[{"id":1812,"href":"https:\/\/fkminija.com\/lt\/wp-json\/wp\/v2\/pages\/3\/revisions\/1812"}],"wp:attachment":[{"href":"https:\/\/fkminija.com\/lt\/wp-json\/wp\/v2\/media?parent=3"}],"curies":[{"name":"wp","href":"https:\/\/api.w.org\/{rel}","templated":true}]}}